{"id":299,"date":"2022-10-13T01:35:31","date_gmt":"2022-10-13T01:35:31","guid":{"rendered":"https:\/\/dichvuxeghep24h.com\/?page_id=299"},"modified":"2022-10-13T01:38:16","modified_gmt":"2022-10-13T01:38:16","slug":"bang-gia","status":"publish","type":"page","link":"https:\/\/xenoibai899.com\/dat-xe-ghep\/bang-gia\/","title":{"rendered":"B\u1ea3ng gi\u00e1"},"content":{"rendered":"\n<div class=\"news-description\">\n<div>\n<table style=\"width: 100%;\" border=\"1\" cellspacing=\"0\" cellpadding=\"0\">\n<tbody style=\"box-sizing: border-box; margin: 0px; padding: 0px; text-size-adjust: 100%;\">\n<tr style=\"box-sizing: border-box; margin: 0px; padding: 10px; text-size-adjust: 100%; width: auto; height: auto; border: 1px solid #cccccc; background: #104282; color: #ffffff;\">\n<td style=\"box-sizing: border-box; margin: 0px; padding: 10px; text-size-adjust: 100%; width: auto; height: auto; border: 1px solid #cccccc;\"><span style=\"color: #ffffff;\">LO\u1ea0I XE<\/span><\/td>\n<td style=\"box-sizing: border-box; margin: 0px; padding: 10px; text-size-adjust: 100%; width: auto; height: auto; border: 1px solid #cccccc;\"><span style=\"color: #ffffff;\">H\u00e0 N\u1ed9i \u2013 N\u1ed9i B\u00e0i<\/span><\/td>\n<td style=\"box-sizing: border-box; margin: 0px; padding: 10px; text-size-adjust: 100%; width: auto; height: auto; border: 1px solid #cccccc;\"><span style=\"color: #ffffff;\">N\u1ed9i B\u00e0i \u2013 H\u00e0 N\u1ed9i<\/span><\/td>\n<td style=\"box-sizing: border-box; margin: 0px; padding: 10px; text-size-adjust: 100%; width: auto; height: auto; border: 1px solid #cccccc;\"><span style=\"color: #ffffff;\">Hai chi\u1ec1u<\/span><\/td>\n<\/tr>\n<tr style=\"box-sizing: border-box; margin: 0px; padding: 10px; text-size-adjust: 100%; width: auto; height: auto; border: 1px solid #cccccc;\">\n<td style=\"box-sizing: border-box; margin: 0px; padding: 10px; text-size-adjust: 100%; width: auto; height: auto; border: 1px solid #cccccc;\">4 ch\u1ed7<\/td>\n<td style=\"box-sizing: border-box; margin: 0px; padding: 10px; text-size-adjust: 100%; width: auto; height: auto; border: 1px solid #cccccc;\">200.000\u0111<\/td>\n<td style=\"box-sizing: border-box; margin: 0px; padding: 10px; text-size-adjust: 100%; width: auto; height: auto; border: 1px solid #cccccc;\">250.000\u0111<\/td>\n<td style=\"box-sizing: border-box; margin: 0px; padding: 10px; text-size-adjust: 100%; width: auto; height: auto; border: 1px solid #cccccc;\">450.000\u0111<\/td>\n<\/tr>\n<tr style=\"box-sizing: border-box; margin: 0px; padding: 10px; text-size-adjust: 100%; width: auto; height: auto; border: 1px solid #cccccc;\">\n<td style=\"box-sizing: border-box; margin: 0px; padding: 10px; text-size-adjust: 100%; width: auto; height: auto; border: 1px solid #cccccc;\">5 ch\u1ed7<\/td>\n<td style=\"box-sizing: border-box; margin: 0px; padding: 10px; text-size-adjust: 100%; width: auto; height: auto; border: 1px solid #cccccc;\">200.000\u0111<\/td>\n<td style=\"box-sizing: border-box; margin: 0px; padding: 10px; text-size-adjust: 100%; width: auto; height: auto; border: 1px solid #cccccc;\">250.000\u0111<\/td>\n<td style=\"box-sizing: border-box; margin: 0px; padding: 10px; text-size-adjust: 100%; width: auto; height: auto; border: 1px solid #cccccc;\">450.000\u0111<\/td>\n<\/tr>\n<tr style=\"box-sizing: border-box; margin: 0px; padding: 10px; text-size-adjust: 100%; width: auto; height: auto; border: 1px solid #cccccc;\">\n<td style=\"box-sizing: border-box; margin: 0px; padding: 10px; text-size-adjust: 100%; width: auto; height: auto; border: 1px solid #cccccc;\">7 ch\u1ed7<\/td>\n<td style=\"box-sizing: border-box; margin: 0px; padding: 10px; text-size-adjust: 100%; width: auto; height: auto; border: 1px solid #cccccc;\">230.000\u0111<\/td>\n<td style=\"box-sizing: border-box; margin: 0px; padding: 10px; text-size-adjust: 100%; width: auto; height: auto; border: 1px solid #cccccc;\">300.000\u0111<\/td>\n<td style=\"box-sizing: border-box; margin: 0px; padding: 10px; text-size-adjust: 100%; width: auto; height: auto; border: 1px solid #cccccc;\">460.000\u0111<\/td>\n<\/tr>\n<tr style=\"box-sizing: border-box; margin: 0px; padding: 10px; text-size-adjust: 100%; width: auto; height: auto; border: 1px solid #cccccc;\">\n<td style=\"box-sizing: border-box; margin: 0px; padding: 10px; text-size-adjust: 100%; width: auto; height: auto; border: 1px solid #cccccc;\">16 ch\u1ed7<\/td>\n<td style=\"box-sizing: border-box; margin: 0px; padding: 10px; text-size-adjust: 100%; width: auto; height: auto; border: 1px solid #cccccc;\">400.000\u0111<\/td>\n<td style=\"box-sizing: border-box; margin: 0px; padding: 10px; text-size-adjust: 100%; width: auto; height: auto; border: 1px solid #cccccc;\">450.000\u0111<\/td>\n<td style=\"box-sizing: border-box; margin: 0px; padding: 10px; text-size-adjust: 100%; width: auto; height: auto; border: 1px solid #cccccc;\">750.000\u0111<\/td>\n<\/tr>\n<\/tbody>\n<\/table>\n<p style=\"box-sizing: border-box; margin: 0px 0px 10px; padding: 0px; text-size-adjust: 100%; font-size: 14px; line-height: 1.8em; text-align: center;\">Gi\u00e1 c\u01b0\u1edbc tr\u00ean \u00e1p d\u1ee5ng 4 qu\u1eadn n\u1ed9i th\u00e0nh, \u0111\u00e3 bao g\u1ed3m ph\u00ed s\u00e2n bay.<br style=\"box-sizing: border-box; margin: 0px; padding: 0px; text-size-adjust: 100%;\" \/>Gi\u00e1 c\u01b0\u1edbc c\u00e1c tuy\u1ebfn \u0111\u01b0\u1eddng d\u00e0i: Cam k\u1ebft r\u1ebb h\u01a1n 20% \u2013 50% so v\u1edbi gi\u00e1 th\u1ecb tr\u01b0\u1eddng.<\/p>\n<\/div>\n<\/div>\n\n","protected":false},"excerpt":{"rendered":"","protected":false},"author":1,"featured_media":0,"parent":0,"menu_order":0,"comment_status":"closed","ping_status":"closed","template":"","meta":{"footnotes":""},"class_list":["post-299","page","type-page","status-publish","hentry"],"_links":{"self":[{"href":"https:\/\/xenoibai899.com\/dat-xe-ghep\/wp-json\/wp\/v2\/pages\/299","targetHints":{"allow":["GET"]}}],"collection":[{"href":"https:\/\/xenoibai899.com\/dat-xe-ghep\/wp-json\/wp\/v2\/pages"}],"about":[{"href":"https:\/\/xenoibai899.com\/dat-xe-ghep\/wp-json\/wp\/v2\/types\/page"}],"author":[{"embeddable":true,"href":"https:\/\/xenoibai899.com\/dat-xe-ghep\/wp-json\/wp\/v2\/users\/1"}],"replies":[{"embeddable":true,"href":"https:\/\/xenoibai899.com\/dat-xe-ghep\/wp-json\/wp\/v2\/comments?post=299"}],"version-history":[{"count":2,"href":"https:\/\/xenoibai899.com\/dat-xe-ghep\/wp-json\/wp\/v2\/pages\/299\/revisions"}],"predecessor-version":[{"id":302,"href":"https:\/\/xenoibai899.com\/dat-xe-ghep\/wp-json\/wp\/v2\/pages\/299\/revisions\/302"}],"wp:attachment":[{"href":"https:\/\/xenoibai899.com\/dat-xe-ghep\/wp-json\/wp\/v2\/media?parent=299"}],"curies":[{"name":"wp","href":"https:\/\/api.w.org\/{rel}","templated":true}]}}